{"id":348,"date":"2021-09-02T12:29:17","date_gmt":"2021-09-02T12:29:17","guid":{"rendered":"https:\/\/bwaagenciadigital.com.br\/interactiva\/?page_id=348"},"modified":"2025-04-10T23:32:30","modified_gmt":"2025-04-10T23:32:30","slug":"aplicacao-da-lei-lgpd","status":"publish","type":"page","link":"https:\/\/bwaagenciadigital.com.br\/interactiva\/servicos\/aplicacao-da-lei-lgpd\/","title":{"rendered":"Aplica\u00e7\u00e3o da Lei LGPD"},"content":{"rendered":"\t\t<div data-elementor-type=\"wp-page\" data-elementor-id=\"348\" class=\"elementor elementor-348\" data-elementor-post-type=\"page\">\n\t\t\t\t<div class=\"elementor-element elementor-element-1495478 e-flex e-con-boxed e-con e-parent\" data-id=\"1495478\" data-element_type=\"container\">\n\t\t\t\t\t<div class=\"e-con-inner\">\n\t\t<div class=\"elementor-element elementor-element-f313f43 e-con-full e-flex e-con e-child\" data-id=\"f313f43\" data-element_type=\"container\">\n\t\t\t\t<div class=\"elementor-element elementor-element-0e28fbd elementor-widget elementor-widget-image\" data-id=\"0e28fbd\" data-element_type=\"widget\" data-widget_type=\"image.default\">\n\t\t\t\t<div class=\"elementor-widget-container\">\n\t\t\t\t\t\t\t\t\t\t\t\t\t\t\t<img fetchpriority=\"high\" decoding=\"async\" width=\"635\" height=\"637\" src=\"https:\/\/bwaagenciadigital.com.br\/interactiva\/wp-content\/uploads\/2021\/09\/Aplicacao-da-Lei-LGPD-imagem.jpg\" class=\"attachment-medium_large size-medium_large wp-image-349\" alt=\"\" srcset=\"https:\/\/bwaagenciadigital.com.br\/interactiva\/wp-content\/uploads\/2021\/09\/Aplicacao-da-Lei-LGPD-imagem.jpg 635w, https:\/\/bwaagenciadigital.com.br\/interactiva\/wp-content\/uploads\/2021\/09\/Aplicacao-da-Lei-LGPD-imagem-300x300.jpg 300w, https:\/\/bwaagenciadigital.com.br\/interactiva\/wp-content\/uploads\/2021\/09\/Aplicacao-da-Lei-LGPD-imagem-150x150.jpg 150w\" sizes=\"(max-width: 635px) 100vw, 635px\" \/>\t\t\t\t\t\t\t\t\t\t\t\t\t\t\t<\/div>\n\t\t\t\t<\/div>\n\t\t\t\t<\/div>\n\t\t<div class=\"elementor-element elementor-element-bf7cae8 e-con-full e-flex e-con e-child\" data-id=\"bf7cae8\" data-element_type=\"container\">\n\t\t\t\t<div class=\"elementor-element elementor-element-c76988e elementor-widget elementor-widget-text-editor\" data-id=\"c76988e\" data-element_type=\"widget\" data-widget_type=\"text-editor.default\">\n\t\t\t\t<div class=\"elementor-widget-container\">\n\t\t\t\t\t\t\t\t\t<p><span style=\"font-weight: 400;\">A Lei Geral de Prote\u00e7\u00e3o de Dados Pessoais (Lei n\u00ba 13.709\/2018) \u00e9 respons\u00e1vel por regular as atividades de tratamento de dados pessoais.<\/span><\/p><p><b>O que voc\u00ea tem a perder com a n\u00e3o aplica\u00e7\u00e3o deste servi\u00e7o<\/b><\/p><p><span style=\"font-weight: 400;\">Podem envolver multas alt\u00edssimas, com potencial de quebrar muitos neg\u00f3cios ou at\u00e9 a proibi\u00e7\u00e3o total ou parcial de atividades que envolvam tratamento de dados. Sendo assim, cada dado pode custar at\u00e9 R$ 50 milh\u00f5es em multa.<\/span><\/p><p><span style=\"font-weight: 400;\">Nossa equipe de especialistas e advogados est\u00e1 a postos para aplicar todos os par\u00e2metros da Lei na sua empresa.<\/span><\/p><p><span style=\"font-weight: 400;\">Basta deixar seu e-mail e seu contato. Entraremos em contato at\u00e9 o final do dia!<\/span><\/p><p><!-- \/wp:paragraph --><\/p>\t\t\t\t\t\t\t\t<\/div>\n\t\t\t\t<\/div>\n\t\t\t\t<div class=\"elementor-element elementor-element-cb2b256 elementor-widget elementor-widget-heading\" data-id=\"cb2b256\" data-element_type=\"widget\" data-widget_type=\"heading.default\">\n\t\t\t\t<div class=\"elementor-widget-container\">\n\t\t\t\t\t<h2 class=\"elementor-heading-title elementor-size-default\">Envie o seus dados para entrarmos em contato com voc\u00ea!<\/h2>\t\t\t\t<\/div>\n\t\t\t\t<\/div>\n\t\t\t\t<div class=\"elementor-element elementor-element-a030135 elementor-button-align-end elementor-mobile-button-align-stretch elementor-widget elementor-widget-form\" data-id=\"a030135\" data-element_type=\"widget\" data-settings=\"{&quot;step_next_label&quot;:&quot;Pr\\u00f3ximo&quot;,&quot;step_previous_label&quot;:&quot;Anterior&quot;,&quot;button_width&quot;:&quot;20&quot;,&quot;step_type&quot;:&quot;number_text&quot;,&quot;step_icon_shape&quot;:&quot;circle&quot;}\" data-widget_type=\"form.default\">\n\t\t\t\t<div class=\"elementor-widget-container\">\n\t\t\t\t\t\t\t<form class=\"elementor-form\" method=\"post\" name=\"Form_aplicacao_lgpd\">\n\t\t\t<input type=\"hidden\" name=\"post_id\" value=\"348\"\/>\n\t\t\t<input type=\"hidden\" name=\"form_id\" value=\"a030135\"\/>\n\t\t\t<input type=\"hidden\" name=\"referer_title\" value=\"Aplica\u00e7\u00e3o da Lei LGPD\" \/>\n\n\t\t\t\t\t\t\t<input type=\"hidden\" name=\"queried_id\" value=\"348\"\/>\n\t\t\t\n\t\t\t<div class=\"elementor-form-fields-wrapper elementor-labels-\">\n\t\t\t\t\t\t\t\t<div class=\"elementor-field-type-text elementor-field-group elementor-column elementor-field-group-nome_empresa elementor-col-30\">\n\t\t\t\t\t\t\t\t\t\t\t\t<label for=\"form-field-nome_empresa\" class=\"elementor-field-label elementor-screen-only\">\n\t\t\t\t\t\t\t\tNome da empresa\t\t\t\t\t\t\t<\/label>\n\t\t\t\t\t\t\t\t\t\t\t\t\t\t<input size=\"1\" type=\"text\" name=\"form_fields[nome_empresa]\" id=\"form-field-nome_empresa\" class=\"elementor-field elementor-size-md  elementor-field-textual\" placeholder=\"Nome da Empresa\">\n\t\t\t\t\t\t\t\t\t\t\t<\/div>\n\t\t\t\t\t\t\t\t<div class=\"elementor-field-type-tel elementor-field-group elementor-column elementor-field-group-telefone_empresa elementor-col-25 elementor-field-required\">\n\t\t\t\t\t\t\t\t\t\t\t\t<label for=\"form-field-telefone_empresa\" class=\"elementor-field-label elementor-screen-only\">\n\t\t\t\t\t\t\t\tTelefone\t\t\t\t\t\t\t<\/label>\n\t\t\t\t\t\t\t\t<input size=\"1\" type=\"tel\" name=\"form_fields[telefone_empresa]\" id=\"form-field-telefone_empresa\" class=\"elementor-field elementor-size-md  elementor-field-textual\" placeholder=\"Telefone\" required=\"required\" pattern=\"[0-9()#&amp;+*-=.]+\" title=\"Apenas n\u00fameros e caracteres de telefone (#, -, *, etc.) s\u00e3o aceitos.\">\n\n\t\t\t\t\t\t<\/div>\n\t\t\t\t\t\t\t\t<div class=\"elementor-field-type-email elementor-field-group elementor-column elementor-field-group-email_empresa elementor-col-25 elementor-field-required\">\n\t\t\t\t\t\t\t\t\t\t\t\t<label for=\"form-field-email_empresa\" class=\"elementor-field-label elementor-screen-only\">\n\t\t\t\t\t\t\t\tEmail\t\t\t\t\t\t\t<\/label>\n\t\t\t\t\t\t\t\t\t\t\t\t\t\t<input size=\"1\" type=\"email\" name=\"form_fields[email_empresa]\" id=\"form-field-email_empresa\" class=\"elementor-field elementor-size-md  elementor-field-textual\" placeholder=\"Email\" required=\"required\">\n\t\t\t\t\t\t\t\t\t\t\t<\/div>\n\t\t\t\t\t\t\t\t<div class=\"elementor-field-group elementor-column elementor-field-type-submit elementor-col-20 e-form__buttons\">\n\t\t\t\t\t<button class=\"elementor-button elementor-size-md\" type=\"submit\">\n\t\t\t\t\t\t<span class=\"elementor-button-content-wrapper\">\n\t\t\t\t\t\t\t\t\t\t\t\t\t\t\t\t\t\t\t\t\t\t<span class=\"elementor-button-text\">Enviar<\/span>\n\t\t\t\t\t\t\t\t\t\t\t\t\t<\/span>\n\t\t\t\t\t<\/button>\n\t\t\t\t<\/div>\n\t\t\t<\/div>\n\t\t<\/form>\n\t\t\t\t\t\t<\/div>\n\t\t\t\t<\/div>\n\t\t\t\t<\/div>\n\t\t\t\t\t<\/div>\n\t\t\t\t<\/div>\n\t\t\t\t<\/div>\n\t\t","protected":false},"excerpt":{"rendered":"<p>A Lei Geral de Prote\u00e7\u00e3o de Dados Pessoais (Lei n\u00ba 13.709\/2018) \u00e9 respons\u00e1vel por regular as atividades de tratamento de dados pessoais. O que voc\u00ea tem a perder com a n\u00e3o aplica\u00e7\u00e3o deste servi\u00e7o Podem envolver multas alt\u00edssimas, com potencial de quebrar muitos neg\u00f3cios ou at\u00e9 a proibi\u00e7\u00e3o total ou parcial de atividades que envolvam [&hellip;]<\/p>\n","protected":false},"author":5,"featured_media":349,"parent":346,"menu_order":0,"comment_status":"closed","ping_status":"closed","template":"","meta":{"footnotes":""},"class_list":["post-348","page","type-page","status-publish","has-post-thumbnail","hentry"],"_links":{"self":[{"href":"https:\/\/bwaagenciadigital.com.br\/interactiva\/wp-json\/wp\/v2\/pages\/348","targetHints":{"allow":["GET"]}}],"collection":[{"href":"https:\/\/bwaagenciadigital.com.br\/interactiva\/wp-json\/wp\/v2\/pages"}],"about":[{"href":"https:\/\/bwaagenciadigital.com.br\/interactiva\/wp-json\/wp\/v2\/types\/page"}],"author":[{"embeddable":true,"href":"https:\/\/bwaagenciadigital.com.br\/interactiva\/wp-json\/wp\/v2\/users\/5"}],"replies":[{"embeddable":true,"href":"https:\/\/bwaagenciadigital.com.br\/interactiva\/wp-json\/wp\/v2\/comments?post=348"}],"version-history":[{"count":68,"href":"https:\/\/bwaagenciadigital.com.br\/interactiva\/wp-json\/wp\/v2\/pages\/348\/revisions"}],"predecessor-version":[{"id":5225,"href":"https:\/\/bwaagenciadigital.com.br\/interactiva\/wp-json\/wp\/v2\/pages\/348\/revisions\/5225"}],"up":[{"embeddable":true,"href":"https:\/\/bwaagenciadigital.com.br\/interactiva\/wp-json\/wp\/v2\/pages\/346"}],"wp:featuredmedia":[{"embeddable":true,"href":"https:\/\/bwaagenciadigital.com.br\/interactiva\/wp-json\/wp\/v2\/media\/349"}],"wp:attachment":[{"href":"https:\/\/bwaagenciadigital.com.br\/interactiva\/wp-json\/wp\/v2\/media?parent=348"}],"curies":[{"name":"wp","href":"https:\/\/api.w.org\/{rel}","templated":true}]}}