{"id":424,"date":"2021-09-02T13:33:12","date_gmt":"2021-09-02T13:33:12","guid":{"rendered":"https:\/\/bwaagenciadigital.com.br\/interactiva\/?page_id=424"},"modified":"2025-04-10T23:39:26","modified_gmt":"2025-04-10T23:39:26","slug":"vpn","status":"publish","type":"page","link":"https:\/\/bwaagenciadigital.com.br\/interactiva\/servicos\/vpn\/","title":{"rendered":"VPN"},"content":{"rendered":"\t\t<div data-elementor-type=\"wp-page\" data-elementor-id=\"424\" class=\"elementor elementor-424\" data-elementor-post-type=\"page\">\n\t\t\t\t\t\t<section class=\"elementor-section elementor-top-section elementor-element elementor-element-0eefa31 elementor-reverse-tablet elementor-reverse-mobile elementor-section-boxed elementor-section-height-default elementor-section-height-default\" data-id=\"0eefa31\" data-element_type=\"section\" data-e-type=\"section\">\n\t\t\t\t\t\t<div class=\"elementor-container elementor-column-gap-default\">\n\t\t\t\t\t<div class=\"elementor-column elementor-col-50 elementor-top-column elementor-element elementor-element-3a24039\" data-id=\"3a24039\" data-element_type=\"column\" data-e-type=\"column\">\n\t\t\t<div class=\"elementor-widget-wrap elementor-element-populated\">\n\t\t\t\t\t\t<div class=\"elementor-element elementor-element-2a7cae3 elementor-widget elementor-widget-image\" data-id=\"2a7cae3\" data-element_type=\"widget\" data-e-type=\"widget\" data-widget_type=\"image.default\">\n\t\t\t\t<div class=\"elementor-widget-container\">\n\t\t\t\t\t\t\t\t\t\t\t\t\t\t\t<img fetchpriority=\"high\" decoding=\"async\" width=\"635\" height=\"637\" src=\"https:\/\/bwaagenciadigital.com.br\/interactiva\/wp-content\/uploads\/2021\/09\/solucao-vpn-imagem.jpg\" class=\"attachment-medium_large size-medium_large wp-image-425\" alt=\"\" srcset=\"https:\/\/bwaagenciadigital.com.br\/interactiva\/wp-content\/uploads\/2021\/09\/solucao-vpn-imagem.jpg 635w, https:\/\/bwaagenciadigital.com.br\/interactiva\/wp-content\/uploads\/2021\/09\/solucao-vpn-imagem-300x300.jpg 300w, https:\/\/bwaagenciadigital.com.br\/interactiva\/wp-content\/uploads\/2021\/09\/solucao-vpn-imagem-150x150.jpg 150w\" sizes=\"(max-width: 635px) 100vw, 635px\" \/>\t\t\t\t\t\t\t\t\t\t\t\t\t\t\t<\/div>\n\t\t\t\t<\/div>\n\t\t\t\t\t<\/div>\n\t\t<\/div>\n\t\t\t\t<div class=\"elementor-column elementor-col-50 elementor-top-column elementor-element elementor-element-32e39c4\" data-id=\"32e39c4\" data-element_type=\"column\" data-e-type=\"column\">\n\t\t\t<div class=\"elementor-widget-wrap elementor-element-populated\">\n\t\t\t\t\t\t<div class=\"elementor-element elementor-element-2a4c2e6 elementor-widget elementor-widget-text-editor\" data-id=\"2a4c2e6\" data-element_type=\"widget\" data-e-type=\"widget\" data-widget_type=\"text-editor.default\">\n\t\t\t\t<div class=\"elementor-widget-container\">\n\t\t\t\t\t\t\t\t\t<p>A VPN \u00e9 uma ferramenta essencial para empresas de pequeno, m\u00e9dio e grande porte interligando a rede de sua empresa junto \u00e0s filiais com acesso aos recursos de qualquer lugar do mundo, mas ela n\u00e3o est\u00e1 isenta de erros. Por isso, nosso time se especializou na resolu\u00e7\u00e3o desses problemas.<\/p><p>Atualmente temos mais de 5k de clientes e todos est\u00e3o satisfeitos com nossa efici\u00eancia em resolver seus problemas.<\/p><p>Porque temos um alto \u00edndice no atendimento:<\/p><p>Aqui \u00e9 padr\u00e3o que nossos colaboradores sejam educados e diplom\u00e1ticos. o time \u00e9 sempre orientado a ouvir o cliente e isso torna nosso atendimento excelente pois conseguimos saber exatamente a dor do cliente e resolver com efici\u00eancia e efic\u00e1cia.<\/p>\t\t\t\t\t\t\t\t<\/div>\n\t\t\t\t<\/div>\n\t\t\t\t<div class=\"elementor-element elementor-element-9441ab5 elementor-widget elementor-widget-heading\" data-id=\"9441ab5\" data-element_type=\"widget\" data-e-type=\"widget\" data-widget_type=\"heading.default\">\n\t\t\t\t<div class=\"elementor-widget-container\">\n\t\t\t\t\t<h2 class=\"elementor-heading-title elementor-size-default\">Envie o seus dados para entrarmos em contato com voc\u00ea!<\/h2>\t\t\t\t<\/div>\n\t\t\t\t<\/div>\n\t\t\t\t<div class=\"elementor-element elementor-element-1252b11 elementor-button-align-end elementor-mobile-button-align-stretch elementor-widget elementor-widget-form\" data-id=\"1252b11\" data-element_type=\"widget\" data-e-type=\"widget\" data-settings=\"{&quot;step_next_label&quot;:&quot;Pr\\u00f3ximo&quot;,&quot;step_previous_label&quot;:&quot;Anterior&quot;,&quot;button_width&quot;:&quot;20&quot;,&quot;step_type&quot;:&quot;number_text&quot;,&quot;step_icon_shape&quot;:&quot;circle&quot;}\" data-widget_type=\"form.default\">\n\t\t\t\t<div class=\"elementor-widget-container\">\n\t\t\t\t\t\t\t<form class=\"elementor-form\" method=\"post\" name=\"Form_vpn\">\n\t\t\t<input type=\"hidden\" name=\"post_id\" value=\"424\"\/>\n\t\t\t<input type=\"hidden\" name=\"form_id\" value=\"1252b11\"\/>\n\t\t\t<input type=\"hidden\" name=\"referer_title\" value=\"\" \/>\n\n\t\t\t\n\t\t\t<div class=\"elementor-form-fields-wrapper elementor-labels-\">\n\t\t\t\t\t\t\t\t<div class=\"elementor-field-type-text elementor-field-group elementor-column elementor-field-group-nome_empresa elementor-col-30\">\n\t\t\t\t\t\t\t\t\t\t\t\t<label for=\"form-field-nome_empresa\" class=\"elementor-field-label elementor-screen-only\">\n\t\t\t\t\t\t\t\tNome da empresa\t\t\t\t\t\t\t<\/label>\n\t\t\t\t\t\t\t\t\t\t\t\t\t\t<input size=\"1\" type=\"text\" name=\"form_fields[nome_empresa]\" id=\"form-field-nome_empresa\" class=\"elementor-field elementor-size-md  elementor-field-textual\" placeholder=\"Nome da Empresa\">\n\t\t\t\t\t\t\t\t\t\t\t<\/div>\n\t\t\t\t\t\t\t\t<div class=\"elementor-field-type-tel elementor-field-group elementor-column elementor-field-group-telefone_empresa elementor-col-25 elementor-field-required\">\n\t\t\t\t\t\t\t\t\t\t\t\t<label for=\"form-field-telefone_empresa\" class=\"elementor-field-label elementor-screen-only\">\n\t\t\t\t\t\t\t\tTelefone\t\t\t\t\t\t\t<\/label>\n\t\t\t\t\t\t\t\t<input size=\"1\" type=\"tel\" name=\"form_fields[telefone_empresa]\" id=\"form-field-telefone_empresa\" class=\"elementor-field elementor-size-md  elementor-field-textual\" placeholder=\"Telefone\" required=\"required\" pattern=\"[0-9()#&amp;+*-=.]+\" title=\"Apenas n\u00fameros e caracteres de telefone (#, -, *, etc.) s\u00e3o aceitos.\">\n\n\t\t\t\t\t\t<\/div>\n\t\t\t\t\t\t\t\t<div class=\"elementor-field-type-email elementor-field-group elementor-column elementor-field-group-email_empresa elementor-col-25 elementor-field-required\">\n\t\t\t\t\t\t\t\t\t\t\t\t<label for=\"form-field-email_empresa\" class=\"elementor-field-label elementor-screen-only\">\n\t\t\t\t\t\t\t\tEmail\t\t\t\t\t\t\t<\/label>\n\t\t\t\t\t\t\t\t\t\t\t\t\t\t<input size=\"1\" type=\"email\" name=\"form_fields[email_empresa]\" id=\"form-field-email_empresa\" class=\"elementor-field elementor-size-md  elementor-field-textual\" placeholder=\"Email\" required=\"required\">\n\t\t\t\t\t\t\t\t\t\t\t<\/div>\n\t\t\t\t\t\t\t\t<div class=\"elementor-field-group elementor-column elementor-field-type-submit elementor-col-20 e-form__buttons\">\n\t\t\t\t\t<button class=\"elementor-button elementor-size-md\" type=\"submit\">\n\t\t\t\t\t\t<span class=\"elementor-button-content-wrapper\">\n\t\t\t\t\t\t\t\t\t\t\t\t\t\t\t\t\t\t\t\t\t\t<span class=\"elementor-button-text\">Enviar<\/span>\n\t\t\t\t\t\t\t\t\t\t\t\t\t<\/span>\n\t\t\t\t\t<\/button>\n\t\t\t\t<\/div>\n\t\t\t<\/div>\n\t\t<\/form>\n\t\t\t\t\t\t<\/div>\n\t\t\t\t<\/div>\n\t\t\t\t\t<\/div>\n\t\t<\/div>\n\t\t\t\t\t<\/div>\n\t\t<\/section>\n\t\t\t\t<\/div>\n\t\t","protected":false},"excerpt":{"rendered":"<p>A VPN \u00e9 uma ferramenta essencial para empresas de pequeno, m\u00e9dio e grande porte interligando a rede de sua empresa junto \u00e0s filiais com acesso aos recursos de qualquer lugar do mundo, mas ela n\u00e3o est\u00e1 isenta de erros. Por isso, nosso time se especializou na resolu\u00e7\u00e3o desses problemas. Atualmente temos mais de 5k de [&hellip;]<\/p>\n","protected":false},"author":5,"featured_media":425,"parent":346,"menu_order":0,"comment_status":"closed","ping_status":"closed","template":"","meta":{"footnotes":""},"class_list":["post-424","page","type-page","status-publish","has-post-thumbnail","hentry"],"_links":{"self":[{"href":"https:\/\/bwaagenciadigital.com.br\/interactiva\/wp-json\/wp\/v2\/pages\/424","targetHints":{"allow":["GET"]}}],"collection":[{"href":"https:\/\/bwaagenciadigital.com.br\/interactiva\/wp-json\/wp\/v2\/pages"}],"about":[{"href":"https:\/\/bwaagenciadigital.com.br\/interactiva\/wp-json\/wp\/v2\/types\/page"}],"author":[{"embeddable":true,"href":"https:\/\/bwaagenciadigital.com.br\/interactiva\/wp-json\/wp\/v2\/users\/5"}],"replies":[{"embeddable":true,"href":"https:\/\/bwaagenciadigital.com.br\/interactiva\/wp-json\/wp\/v2\/comments?post=424"}],"version-history":[{"count":31,"href":"https:\/\/bwaagenciadigital.com.br\/interactiva\/wp-json\/wp\/v2\/pages\/424\/revisions"}],"predecessor-version":[{"id":5255,"href":"https:\/\/bwaagenciadigital.com.br\/interactiva\/wp-json\/wp\/v2\/pages\/424\/revisions\/5255"}],"up":[{"embeddable":true,"href":"https:\/\/bwaagenciadigital.com.br\/interactiva\/wp-json\/wp\/v2\/pages\/346"}],"wp:featuredmedia":[{"embeddable":true,"href":"https:\/\/bwaagenciadigital.com.br\/interactiva\/wp-json\/wp\/v2\/media\/425"}],"wp:attachment":[{"href":"https:\/\/bwaagenciadigital.com.br\/interactiva\/wp-json\/wp\/v2\/media?parent=424"}],"curies":[{"name":"wp","href":"https:\/\/api.w.org\/{rel}","templated":true}]}}