{"id":456,"date":"2021-09-02T13:44:44","date_gmt":"2021-09-02T13:44:44","guid":{"rendered":"https:\/\/bwaagenciadigital.com.br\/interactiva\/?page_id=456"},"modified":"2025-04-10T23:36:24","modified_gmt":"2025-04-10T23:36:24","slug":"nuvem","status":"publish","type":"page","link":"https:\/\/bwaagenciadigital.com.br\/interactiva\/servicos\/nuvem\/","title":{"rendered":"Nuvem"},"content":{"rendered":"\t\t<div data-elementor-type=\"wp-page\" data-elementor-id=\"456\" class=\"elementor elementor-456\" data-elementor-post-type=\"page\">\n\t\t\t\t\t\t<section class=\"elementor-section elementor-top-section elementor-element elementor-element-0ca1442 elementor-reverse-tablet elementor-reverse-mobile elementor-section-boxed elementor-section-height-default elementor-section-height-default\" data-id=\"0ca1442\" data-element_type=\"section\">\n\t\t\t\t\t\t<div class=\"elementor-container elementor-column-gap-default\">\n\t\t\t\t\t<div class=\"elementor-column elementor-col-50 elementor-top-column elementor-element elementor-element-b8435ec\" data-id=\"b8435ec\" data-element_type=\"column\">\n\t\t\t<div class=\"elementor-widget-wrap elementor-element-populated\">\n\t\t\t\t\t\t<div class=\"elementor-element elementor-element-ba079a1 elementor-widget elementor-widget-image\" data-id=\"ba079a1\" data-element_type=\"widget\" data-widget_type=\"image.default\">\n\t\t\t\t<div class=\"elementor-widget-container\">\n\t\t\t\t\t\t\t\t\t\t\t\t\t\t\t<img fetchpriority=\"high\" decoding=\"async\" width=\"635\" height=\"637\" src=\"https:\/\/bwaagenciadigital.com.br\/interactiva\/wp-content\/uploads\/2021\/09\/servico-nuvem-imagem.jpg\" class=\"attachment-medium_large size-medium_large wp-image-458\" alt=\"\" srcset=\"https:\/\/bwaagenciadigital.com.br\/interactiva\/wp-content\/uploads\/2021\/09\/servico-nuvem-imagem.jpg 635w, https:\/\/bwaagenciadigital.com.br\/interactiva\/wp-content\/uploads\/2021\/09\/servico-nuvem-imagem-300x300.jpg 300w, https:\/\/bwaagenciadigital.com.br\/interactiva\/wp-content\/uploads\/2021\/09\/servico-nuvem-imagem-150x150.jpg 150w\" sizes=\"(max-width: 635px) 100vw, 635px\" \/>\t\t\t\t\t\t\t\t\t\t\t\t\t\t\t<\/div>\n\t\t\t\t<\/div>\n\t\t\t\t\t<\/div>\n\t\t<\/div>\n\t\t\t\t<div class=\"elementor-column elementor-col-50 elementor-top-column elementor-element elementor-element-60fb06c\" data-id=\"60fb06c\" data-element_type=\"column\">\n\t\t\t<div class=\"elementor-widget-wrap elementor-element-populated\">\n\t\t\t\t\t\t<div class=\"elementor-element elementor-element-69e8676 elementor-widget elementor-widget-text-editor\" data-id=\"69e8676\" data-element_type=\"widget\" data-widget_type=\"text-editor.default\">\n\t\t\t\t<div class=\"elementor-widget-container\">\n\t\t\t\t\t\t\t\t\t<p>Hospeda servidores, arquivos e e-mails com seguran\u00e7a, disponibilidade e integridade dos seus dados garantida.<\/p><p>A maioria dos donos de empresa tem medo de migrarem suas informa\u00e7\u00f5es para nuvem por pensarem que ficar\u00e3o vulner\u00e1veis nesse per\u00edodo. Por\u00e9m, isso n\u00e3o ocorre porque assim que os dados sobem para a nuvem eles j\u00e1 v\u00e3o criptografados sem dar margem para hackers.<\/p><p>Basta deixar seu e-mail e seu contato. Entraremos em contato at\u00e9 o final do dia!<\/p>\t\t\t\t\t\t\t\t<\/div>\n\t\t\t\t<\/div>\n\t\t\t\t<div class=\"elementor-element elementor-element-bf0f613 elementor-widget elementor-widget-heading\" data-id=\"bf0f613\" data-element_type=\"widget\" data-widget_type=\"heading.default\">\n\t\t\t\t<div class=\"elementor-widget-container\">\n\t\t\t\t\t<h2 class=\"elementor-heading-title elementor-size-default\">Envie o seus dados para entrarmos em contato com voc\u00ea!<\/h2>\t\t\t\t<\/div>\n\t\t\t\t<\/div>\n\t\t\t\t<div class=\"elementor-element elementor-element-7f08ed7 elementor-button-align-end elementor-mobile-button-align-stretch elementor-widget elementor-widget-form\" data-id=\"7f08ed7\" data-element_type=\"widget\" data-settings=\"{&quot;step_next_label&quot;:&quot;Pr\\u00f3ximo&quot;,&quot;step_previous_label&quot;:&quot;Anterior&quot;,&quot;button_width&quot;:&quot;20&quot;,&quot;step_type&quot;:&quot;number_text&quot;,&quot;step_icon_shape&quot;:&quot;circle&quot;}\" data-widget_type=\"form.default\">\n\t\t\t\t<div class=\"elementor-widget-container\">\n\t\t\t\t\t\t\t<form class=\"elementor-form\" method=\"post\" name=\"Form_nuvem\">\n\t\t\t<input type=\"hidden\" name=\"post_id\" value=\"456\"\/>\n\t\t\t<input type=\"hidden\" name=\"form_id\" value=\"7f08ed7\"\/>\n\t\t\t<input type=\"hidden\" name=\"referer_title\" value=\"Nuvem\" \/>\n\n\t\t\t\t\t\t\t<input type=\"hidden\" name=\"queried_id\" value=\"456\"\/>\n\t\t\t\n\t\t\t<div class=\"elementor-form-fields-wrapper elementor-labels-\">\n\t\t\t\t\t\t\t\t<div class=\"elementor-field-type-text elementor-field-group elementor-column elementor-field-group-nome_empresa elementor-col-30\">\n\t\t\t\t\t\t\t\t\t\t\t\t<label for=\"form-field-nome_empresa\" class=\"elementor-field-label elementor-screen-only\">\n\t\t\t\t\t\t\t\tNome da empresa\t\t\t\t\t\t\t<\/label>\n\t\t\t\t\t\t\t\t\t\t\t\t\t\t<input size=\"1\" type=\"text\" name=\"form_fields[nome_empresa]\" id=\"form-field-nome_empresa\" class=\"elementor-field elementor-size-md  elementor-field-textual\" placeholder=\"Nome da Empresa\">\n\t\t\t\t\t\t\t\t\t\t\t<\/div>\n\t\t\t\t\t\t\t\t<div class=\"elementor-field-type-tel elementor-field-group elementor-column elementor-field-group-telefone_empresa elementor-col-25 elementor-field-required\">\n\t\t\t\t\t\t\t\t\t\t\t\t<label for=\"form-field-telefone_empresa\" class=\"elementor-field-label elementor-screen-only\">\n\t\t\t\t\t\t\t\tTelefone\t\t\t\t\t\t\t<\/label>\n\t\t\t\t\t\t\t\t<input size=\"1\" type=\"tel\" name=\"form_fields[telefone_empresa]\" id=\"form-field-telefone_empresa\" class=\"elementor-field elementor-size-md  elementor-field-textual\" placeholder=\"Telefone\" required=\"required\" pattern=\"[0-9()#&amp;+*-=.]+\" title=\"Apenas n\u00fameros e caracteres de telefone (#, -, *, etc.) s\u00e3o aceitos.\">\n\n\t\t\t\t\t\t<\/div>\n\t\t\t\t\t\t\t\t<div class=\"elementor-field-type-email elementor-field-group elementor-column elementor-field-group-email_empresa elementor-col-25 elementor-field-required\">\n\t\t\t\t\t\t\t\t\t\t\t\t<label for=\"form-field-email_empresa\" class=\"elementor-field-label elementor-screen-only\">\n\t\t\t\t\t\t\t\tEmail\t\t\t\t\t\t\t<\/label>\n\t\t\t\t\t\t\t\t\t\t\t\t\t\t<input size=\"1\" type=\"email\" name=\"form_fields[email_empresa]\" id=\"form-field-email_empresa\" class=\"elementor-field elementor-size-md  elementor-field-textual\" placeholder=\"Email\" required=\"required\">\n\t\t\t\t\t\t\t\t\t\t\t<\/div>\n\t\t\t\t\t\t\t\t<div class=\"elementor-field-group elementor-column elementor-field-type-submit elementor-col-20 e-form__buttons\">\n\t\t\t\t\t<button class=\"elementor-button elementor-size-md\" type=\"submit\">\n\t\t\t\t\t\t<span class=\"elementor-button-content-wrapper\">\n\t\t\t\t\t\t\t\t\t\t\t\t\t\t\t\t\t\t\t\t\t\t<span class=\"elementor-button-text\">Enviar<\/span>\n\t\t\t\t\t\t\t\t\t\t\t\t\t<\/span>\n\t\t\t\t\t<\/button>\n\t\t\t\t<\/div>\n\t\t\t<\/div>\n\t\t<\/form>\n\t\t\t\t\t\t<\/div>\n\t\t\t\t<\/div>\n\t\t\t\t\t<\/div>\n\t\t<\/div>\n\t\t\t\t\t<\/div>\n\t\t<\/section>\n\t\t\t\t<\/div>\n\t\t","protected":false},"excerpt":{"rendered":"<p>Hospeda servidores, arquivos e e-mails com seguran\u00e7a, disponibilidade e integridade dos seus dados garantida. A maioria dos donos de empresa tem medo de migrarem suas informa\u00e7\u00f5es para nuvem por pensarem que ficar\u00e3o vulner\u00e1veis nesse per\u00edodo. Por\u00e9m, isso n\u00e3o ocorre porque assim que os dados sobem para a nuvem eles j\u00e1 v\u00e3o criptografados sem dar margem [&hellip;]<\/p>\n","protected":false},"author":5,"featured_media":458,"parent":346,"menu_order":0,"comment_status":"closed","ping_status":"closed","template":"","meta":{"footnotes":""},"class_list":["post-456","page","type-page","status-publish","has-post-thumbnail","hentry"],"_links":{"self":[{"href":"https:\/\/bwaagenciadigital.com.br\/interactiva\/wp-json\/wp\/v2\/pages\/456","targetHints":{"allow":["GET"]}}],"collection":[{"href":"https:\/\/bwaagenciadigital.com.br\/interactiva\/wp-json\/wp\/v2\/pages"}],"about":[{"href":"https:\/\/bwaagenciadigital.com.br\/interactiva\/wp-json\/wp\/v2\/types\/page"}],"author":[{"embeddable":true,"href":"https:\/\/bwaagenciadigital.com.br\/interactiva\/wp-json\/wp\/v2\/users\/5"}],"replies":[{"embeddable":true,"href":"https:\/\/bwaagenciadigital.com.br\/interactiva\/wp-json\/wp\/v2\/comments?post=456"}],"version-history":[{"count":28,"href":"https:\/\/bwaagenciadigital.com.br\/interactiva\/wp-json\/wp\/v2\/pages\/456\/revisions"}],"predecessor-version":[{"id":5240,"href":"https:\/\/bwaagenciadigital.com.br\/interactiva\/wp-json\/wp\/v2\/pages\/456\/revisions\/5240"}],"up":[{"embeddable":true,"href":"https:\/\/bwaagenciadigital.com.br\/interactiva\/wp-json\/wp\/v2\/pages\/346"}],"wp:featuredmedia":[{"embeddable":true,"href":"https:\/\/bwaagenciadigital.com.br\/interactiva\/wp-json\/wp\/v2\/media\/458"}],"wp:attachment":[{"href":"https:\/\/bwaagenciadigital.com.br\/interactiva\/wp-json\/wp\/v2\/media?parent=456"}],"curies":[{"name":"wp","href":"https:\/\/api.w.org\/{rel}","templated":true}]}}