{"id":474,"date":"2021-09-02T13:50:31","date_gmt":"2021-09-02T13:50:31","guid":{"rendered":"https:\/\/bwaagenciadigital.com.br\/interactiva\/?page_id=474"},"modified":"2025-04-10T23:38:13","modified_gmt":"2025-04-10T23:38:13","slug":"virtualizacao","status":"publish","type":"page","link":"https:\/\/bwaagenciadigital.com.br\/interactiva\/servicos\/virtualizacao\/","title":{"rendered":"Virtualiza\u00e7\u00e3o"},"content":{"rendered":"\t\t<div data-elementor-type=\"wp-page\" data-elementor-id=\"474\" class=\"elementor elementor-474\" data-elementor-post-type=\"page\">\n\t\t\t\t\t\t<section class=\"elementor-section elementor-top-section elementor-element elementor-element-a2c9035 elementor-reverse-tablet elementor-reverse-mobile elementor-section-boxed elementor-section-height-default elementor-section-height-default\" data-id=\"a2c9035\" data-element_type=\"section\">\n\t\t\t\t\t\t<div class=\"elementor-container elementor-column-gap-default\">\n\t\t\t\t\t<div class=\"elementor-column elementor-col-50 elementor-top-column elementor-element elementor-element-651af11\" data-id=\"651af11\" data-element_type=\"column\">\n\t\t\t<div class=\"elementor-widget-wrap elementor-element-populated\">\n\t\t\t\t\t\t<div class=\"elementor-element elementor-element-2885c7d elementor-widget elementor-widget-image\" data-id=\"2885c7d\" data-element_type=\"widget\" data-widget_type=\"image.default\">\n\t\t\t\t<div class=\"elementor-widget-container\">\n\t\t\t\t\t\t\t\t\t\t\t\t\t\t\t<img fetchpriority=\"high\" decoding=\"async\" width=\"635\" height=\"637\" src=\"https:\/\/bwaagenciadigital.com.br\/interactiva\/wp-content\/uploads\/2021\/09\/servico-Virtualizacao-imagem.jpg\" class=\"attachment-medium_large size-medium_large wp-image-475\" alt=\"\" srcset=\"https:\/\/bwaagenciadigital.com.br\/interactiva\/wp-content\/uploads\/2021\/09\/servico-Virtualizacao-imagem.jpg 635w, https:\/\/bwaagenciadigital.com.br\/interactiva\/wp-content\/uploads\/2021\/09\/servico-Virtualizacao-imagem-300x300.jpg 300w, https:\/\/bwaagenciadigital.com.br\/interactiva\/wp-content\/uploads\/2021\/09\/servico-Virtualizacao-imagem-150x150.jpg 150w\" sizes=\"(max-width: 635px) 100vw, 635px\" \/>\t\t\t\t\t\t\t\t\t\t\t\t\t\t\t<\/div>\n\t\t\t\t<\/div>\n\t\t\t\t\t<\/div>\n\t\t<\/div>\n\t\t\t\t<div class=\"elementor-column elementor-col-50 elementor-top-column elementor-element elementor-element-cb19610\" data-id=\"cb19610\" data-element_type=\"column\">\n\t\t\t<div class=\"elementor-widget-wrap elementor-element-populated\">\n\t\t\t\t\t\t<div class=\"elementor-element elementor-element-33fb17a elementor-widget elementor-widget-text-editor\" data-id=\"33fb17a\" data-element_type=\"widget\" data-widget_type=\"text-editor.default\">\n\t\t\t\t<div class=\"elementor-widget-container\">\n\t\t\t\t\t\t\t\t\t<p>Bem-vindo ao futuro!<\/p><p>A virtualiza\u00e7\u00e3o proporciona que um \u00fanico servidor armazene diversos sistemas operacionais em uso.<\/p><p>Para quem \u00e9 este servi\u00e7o:<\/p><p>Para empresas de pequeno, m\u00e9dio e grande porte;<\/p><p>Empresas que buscam o melhor custo-benef\u00edcio;<\/p><p>Empreendimentos que visam ser tecnologicamente avan\u00e7ados.<\/p><p>Basta deixar seu e-mail e seu contato. Entraremos em contato at\u00e9 o final do dia!<\/p>\t\t\t\t\t\t\t\t<\/div>\n\t\t\t\t<\/div>\n\t\t\t\t<div class=\"elementor-element elementor-element-9b3fedc elementor-widget elementor-widget-heading\" data-id=\"9b3fedc\" data-element_type=\"widget\" data-widget_type=\"heading.default\">\n\t\t\t\t<div class=\"elementor-widget-container\">\n\t\t\t\t\t<h2 class=\"elementor-heading-title elementor-size-default\">Envie o seus dados para entrarmos em contato com voc\u00ea!<\/h2>\t\t\t\t<\/div>\n\t\t\t\t<\/div>\n\t\t\t\t<div class=\"elementor-element elementor-element-76a1c35 elementor-button-align-end elementor-mobile-button-align-stretch elementor-widget elementor-widget-form\" data-id=\"76a1c35\" data-element_type=\"widget\" data-settings=\"{&quot;step_next_label&quot;:&quot;Pr\\u00f3ximo&quot;,&quot;step_previous_label&quot;:&quot;Anterior&quot;,&quot;button_width&quot;:&quot;20&quot;,&quot;step_type&quot;:&quot;number_text&quot;,&quot;step_icon_shape&quot;:&quot;circle&quot;}\" data-widget_type=\"form.default\">\n\t\t\t\t<div class=\"elementor-widget-container\">\n\t\t\t\t\t\t\t<form class=\"elementor-form\" method=\"post\" name=\"Form_virtualizacao\">\n\t\t\t<input type=\"hidden\" name=\"post_id\" value=\"474\"\/>\n\t\t\t<input type=\"hidden\" name=\"form_id\" value=\"76a1c35\"\/>\n\t\t\t<input type=\"hidden\" name=\"referer_title\" value=\"Virtualiza\u00e7\u00e3o\" \/>\n\n\t\t\t\t\t\t\t<input type=\"hidden\" name=\"queried_id\" value=\"474\"\/>\n\t\t\t\n\t\t\t<div class=\"elementor-form-fields-wrapper elementor-labels-\">\n\t\t\t\t\t\t\t\t<div class=\"elementor-field-type-text elementor-field-group elementor-column elementor-field-group-nome_empresa elementor-col-30\">\n\t\t\t\t\t\t\t\t\t\t\t\t<label for=\"form-field-nome_empresa\" class=\"elementor-field-label elementor-screen-only\">\n\t\t\t\t\t\t\t\tNome da empresa\t\t\t\t\t\t\t<\/label>\n\t\t\t\t\t\t\t\t\t\t\t\t\t\t<input size=\"1\" type=\"text\" name=\"form_fields[nome_empresa]\" id=\"form-field-nome_empresa\" class=\"elementor-field elementor-size-md  elementor-field-textual\" placeholder=\"Nome da Empresa\">\n\t\t\t\t\t\t\t\t\t\t\t<\/div>\n\t\t\t\t\t\t\t\t<div class=\"elementor-field-type-tel elementor-field-group elementor-column elementor-field-group-telefone_empresa elementor-col-25 elementor-field-required\">\n\t\t\t\t\t\t\t\t\t\t\t\t<label for=\"form-field-telefone_empresa\" class=\"elementor-field-label elementor-screen-only\">\n\t\t\t\t\t\t\t\tTelefone\t\t\t\t\t\t\t<\/label>\n\t\t\t\t\t\t\t\t<input size=\"1\" type=\"tel\" name=\"form_fields[telefone_empresa]\" id=\"form-field-telefone_empresa\" class=\"elementor-field elementor-size-md  elementor-field-textual\" placeholder=\"Telefone\" required=\"required\" pattern=\"[0-9()#&amp;+*-=.]+\" title=\"Apenas n\u00fameros e caracteres de telefone (#, -, *, etc.) s\u00e3o aceitos.\">\n\n\t\t\t\t\t\t<\/div>\n\t\t\t\t\t\t\t\t<div class=\"elementor-field-type-email elementor-field-group elementor-column elementor-field-group-email_empresa elementor-col-25 elementor-field-required\">\n\t\t\t\t\t\t\t\t\t\t\t\t<label for=\"form-field-email_empresa\" class=\"elementor-field-label elementor-screen-only\">\n\t\t\t\t\t\t\t\tEmail\t\t\t\t\t\t\t<\/label>\n\t\t\t\t\t\t\t\t\t\t\t\t\t\t<input size=\"1\" type=\"email\" name=\"form_fields[email_empresa]\" id=\"form-field-email_empresa\" class=\"elementor-field elementor-size-md  elementor-field-textual\" placeholder=\"Email\" required=\"required\">\n\t\t\t\t\t\t\t\t\t\t\t<\/div>\n\t\t\t\t\t\t\t\t<div class=\"elementor-field-group elementor-column elementor-field-type-submit elementor-col-20 e-form__buttons\">\n\t\t\t\t\t<button class=\"elementor-button elementor-size-md\" type=\"submit\">\n\t\t\t\t\t\t<span class=\"elementor-button-content-wrapper\">\n\t\t\t\t\t\t\t\t\t\t\t\t\t\t\t\t\t\t\t\t\t\t<span class=\"elementor-button-text\">Enviar<\/span>\n\t\t\t\t\t\t\t\t\t\t\t\t\t<\/span>\n\t\t\t\t\t<\/button>\n\t\t\t\t<\/div>\n\t\t\t<\/div>\n\t\t<\/form>\n\t\t\t\t\t\t<\/div>\n\t\t\t\t<\/div>\n\t\t\t\t\t<\/div>\n\t\t<\/div>\n\t\t\t\t\t<\/div>\n\t\t<\/section>\n\t\t\t\t<\/div>\n\t\t","protected":false},"excerpt":{"rendered":"<p>Bem-vindo ao futuro! A virtualiza\u00e7\u00e3o proporciona que um \u00fanico servidor armazene diversos sistemas operacionais em uso. Para quem \u00e9 este servi\u00e7o: Para empresas de pequeno, m\u00e9dio e grande porte; Empresas que buscam o melhor custo-benef\u00edcio; Empreendimentos que visam ser tecnologicamente avan\u00e7ados. Basta deixar seu e-mail e seu contato. Entraremos em contato at\u00e9 o final do [&hellip;]<\/p>\n","protected":false},"author":5,"featured_media":475,"parent":346,"menu_order":0,"comment_status":"closed","ping_status":"closed","template":"","meta":{"footnotes":""},"class_list":["post-474","page","type-page","status-publish","has-post-thumbnail","hentry"],"_links":{"self":[{"href":"https:\/\/bwaagenciadigital.com.br\/interactiva\/wp-json\/wp\/v2\/pages\/474","targetHints":{"allow":["GET"]}}],"collection":[{"href":"https:\/\/bwaagenciadigital.com.br\/interactiva\/wp-json\/wp\/v2\/pages"}],"about":[{"href":"https:\/\/bwaagenciadigital.com.br\/interactiva\/wp-json\/wp\/v2\/types\/page"}],"author":[{"embeddable":true,"href":"https:\/\/bwaagenciadigital.com.br\/interactiva\/wp-json\/wp\/v2\/users\/5"}],"replies":[{"embeddable":true,"href":"https:\/\/bwaagenciadigital.com.br\/interactiva\/wp-json\/wp\/v2\/comments?post=474"}],"version-history":[{"count":31,"href":"https:\/\/bwaagenciadigital.com.br\/interactiva\/wp-json\/wp\/v2\/pages\/474\/revisions"}],"predecessor-version":[{"id":5249,"href":"https:\/\/bwaagenciadigital.com.br\/interactiva\/wp-json\/wp\/v2\/pages\/474\/revisions\/5249"}],"up":[{"embeddable":true,"href":"https:\/\/bwaagenciadigital.com.br\/interactiva\/wp-json\/wp\/v2\/pages\/346"}],"wp:featuredmedia":[{"embeddable":true,"href":"https:\/\/bwaagenciadigital.com.br\/interactiva\/wp-json\/wp\/v2\/media\/475"}],"wp:attachment":[{"href":"https:\/\/bwaagenciadigital.com.br\/interactiva\/wp-json\/wp\/v2\/media?parent=474"}],"curies":[{"name":"wp","href":"https:\/\/api.w.org\/{rel}","templated":true}]}}