{"id":485,"date":"2021-09-02T13:53:14","date_gmt":"2021-09-02T13:53:14","guid":{"rendered":"https:\/\/bwaagenciadigital.com.br\/interactiva\/?page_id=485"},"modified":"2025-04-10T23:37:41","modified_gmt":"2025-04-10T23:37:41","slug":"servidor-de-internet","status":"publish","type":"page","link":"https:\/\/bwaagenciadigital.com.br\/interactiva\/servicos\/servidor-de-internet\/","title":{"rendered":"Servidor de Internet"},"content":{"rendered":"\t\t<div data-elementor-type=\"wp-page\" data-elementor-id=\"485\" class=\"elementor elementor-485\" data-elementor-post-type=\"page\">\n\t\t\t\t\t\t<section class=\"elementor-section elementor-top-section elementor-element elementor-element-a699a38 elementor-reverse-tablet elementor-reverse-mobile elementor-section-boxed elementor-section-height-default elementor-section-height-default\" data-id=\"a699a38\" data-element_type=\"section\" data-e-type=\"section\">\n\t\t\t\t\t\t<div class=\"elementor-container elementor-column-gap-default\">\n\t\t\t\t\t<div class=\"elementor-column elementor-col-50 elementor-top-column elementor-element elementor-element-23a0679\" data-id=\"23a0679\" data-element_type=\"column\" data-e-type=\"column\">\n\t\t\t<div class=\"elementor-widget-wrap elementor-element-populated\">\n\t\t\t\t\t\t<div class=\"elementor-element elementor-element-62081bc elementor-widget elementor-widget-image\" data-id=\"62081bc\" data-element_type=\"widget\" data-e-type=\"widget\" data-widget_type=\"image.default\">\n\t\t\t\t<div class=\"elementor-widget-container\">\n\t\t\t\t\t\t\t\t\t\t\t\t\t\t\t<img fetchpriority=\"high\" decoding=\"async\" width=\"635\" height=\"637\" src=\"https:\/\/bwaagenciadigital.com.br\/interactiva\/wp-content\/uploads\/2021\/09\/servico-servidor-de-internet-imagem.jpg\" class=\"attachment-medium_large size-medium_large wp-image-486\" alt=\"\" srcset=\"https:\/\/bwaagenciadigital.com.br\/interactiva\/wp-content\/uploads\/2021\/09\/servico-servidor-de-internet-imagem.jpg 635w, https:\/\/bwaagenciadigital.com.br\/interactiva\/wp-content\/uploads\/2021\/09\/servico-servidor-de-internet-imagem-300x300.jpg 300w, https:\/\/bwaagenciadigital.com.br\/interactiva\/wp-content\/uploads\/2021\/09\/servico-servidor-de-internet-imagem-150x150.jpg 150w\" sizes=\"(max-width: 635px) 100vw, 635px\" \/>\t\t\t\t\t\t\t\t\t\t\t\t\t\t\t<\/div>\n\t\t\t\t<\/div>\n\t\t\t\t\t<\/div>\n\t\t<\/div>\n\t\t\t\t<div class=\"elementor-column elementor-col-50 elementor-top-column elementor-element elementor-element-f187116\" data-id=\"f187116\" data-element_type=\"column\" data-e-type=\"column\">\n\t\t\t<div class=\"elementor-widget-wrap elementor-element-populated\">\n\t\t\t\t\t\t<div class=\"elementor-element elementor-element-cddb24b elementor-widget elementor-widget-text-editor\" data-id=\"cddb24b\" data-element_type=\"widget\" data-e-type=\"widget\" data-widget_type=\"text-editor.default\">\n\t\t\t\t<div class=\"elementor-widget-container\">\n\t\t\t\t\t\t\t\t\t<p>O ambiente que mais precisa de seguran\u00e7a \u00e9 a sua empresa. Muitas amea\u00e7as vem em forma de pen drives, phishing nos e-mails.<\/p><p>Atrav\u00e9s do Firewall voc\u00ea consegue refor\u00e7ar a rede contra invas\u00f5es e uso indevido da internet, criando pol\u00edticas de acesso de usu\u00e1rios.<\/p><p>Est\u00e1 esperando o que? Deixe seu e-mail e telefone para contato!<\/p>\t\t\t\t\t\t\t\t<\/div>\n\t\t\t\t<\/div>\n\t\t\t\t<div class=\"elementor-element elementor-element-2438237 elementor-widget elementor-widget-heading\" data-id=\"2438237\" data-element_type=\"widget\" data-e-type=\"widget\" data-widget_type=\"heading.default\">\n\t\t\t\t<div class=\"elementor-widget-container\">\n\t\t\t\t\t<h2 class=\"elementor-heading-title elementor-size-default\">Envie o seus dados para entrarmos em contato com voc\u00ea!<\/h2>\t\t\t\t<\/div>\n\t\t\t\t<\/div>\n\t\t\t\t<div class=\"elementor-element elementor-element-e096cb7 elementor-button-align-end elementor-mobile-button-align-stretch elementor-widget elementor-widget-form\" data-id=\"e096cb7\" data-element_type=\"widget\" data-e-type=\"widget\" data-settings=\"{&quot;step_next_label&quot;:&quot;Pr\\u00f3ximo&quot;,&quot;step_previous_label&quot;:&quot;Anterior&quot;,&quot;button_width&quot;:&quot;20&quot;,&quot;step_type&quot;:&quot;number_text&quot;,&quot;step_icon_shape&quot;:&quot;circle&quot;}\" data-widget_type=\"form.default\">\n\t\t\t\t<div class=\"elementor-widget-container\">\n\t\t\t\t\t\t\t<form class=\"elementor-form\" method=\"post\" name=\"Form_servidor_de_internet\">\n\t\t\t<input type=\"hidden\" name=\"post_id\" value=\"485\"\/>\n\t\t\t<input type=\"hidden\" name=\"form_id\" value=\"e096cb7\"\/>\n\t\t\t<input type=\"hidden\" name=\"referer_title\" value=\"Servidor de Internet\" \/>\n\n\t\t\t\t\t\t\t<input type=\"hidden\" name=\"queried_id\" value=\"485\"\/>\n\t\t\t\n\t\t\t<div class=\"elementor-form-fields-wrapper elementor-labels-\">\n\t\t\t\t\t\t\t\t<div class=\"elementor-field-type-text elementor-field-group elementor-column elementor-field-group-nome_empresa elementor-col-30\">\n\t\t\t\t\t\t\t\t\t\t\t\t<label for=\"form-field-nome_empresa\" class=\"elementor-field-label elementor-screen-only\">\n\t\t\t\t\t\t\t\tNome da empresa\t\t\t\t\t\t\t<\/label>\n\t\t\t\t\t\t\t\t\t\t\t\t\t\t<input size=\"1\" type=\"text\" name=\"form_fields[nome_empresa]\" id=\"form-field-nome_empresa\" class=\"elementor-field elementor-size-md  elementor-field-textual\" placeholder=\"Nome da Empresa\">\n\t\t\t\t\t\t\t\t\t\t\t<\/div>\n\t\t\t\t\t\t\t\t<div class=\"elementor-field-type-tel elementor-field-group elementor-column elementor-field-group-telefone_empresa elementor-col-25 elementor-field-required\">\n\t\t\t\t\t\t\t\t\t\t\t\t<label for=\"form-field-telefone_empresa\" class=\"elementor-field-label elementor-screen-only\">\n\t\t\t\t\t\t\t\tTelefone\t\t\t\t\t\t\t<\/label>\n\t\t\t\t\t\t\t\t<input size=\"1\" type=\"tel\" name=\"form_fields[telefone_empresa]\" id=\"form-field-telefone_empresa\" class=\"elementor-field elementor-size-md  elementor-field-textual\" placeholder=\"Telefone\" required=\"required\" pattern=\"[0-9()#&amp;+*-=.]+\" title=\"Apenas n\u00fameros e caracteres de telefone (#, -, *, etc.) s\u00e3o aceitos.\">\n\n\t\t\t\t\t\t<\/div>\n\t\t\t\t\t\t\t\t<div class=\"elementor-field-type-email elementor-field-group elementor-column elementor-field-group-email_empresa elementor-col-25 elementor-field-required\">\n\t\t\t\t\t\t\t\t\t\t\t\t<label for=\"form-field-email_empresa\" class=\"elementor-field-label elementor-screen-only\">\n\t\t\t\t\t\t\t\tEmail\t\t\t\t\t\t\t<\/label>\n\t\t\t\t\t\t\t\t\t\t\t\t\t\t<input size=\"1\" type=\"email\" name=\"form_fields[email_empresa]\" id=\"form-field-email_empresa\" class=\"elementor-field elementor-size-md  elementor-field-textual\" placeholder=\"Email\" required=\"required\">\n\t\t\t\t\t\t\t\t\t\t\t<\/div>\n\t\t\t\t\t\t\t\t<div class=\"elementor-field-group elementor-column elementor-field-type-submit elementor-col-20 e-form__buttons\">\n\t\t\t\t\t<button class=\"elementor-button elementor-size-md\" type=\"submit\">\n\t\t\t\t\t\t<span class=\"elementor-button-content-wrapper\">\n\t\t\t\t\t\t\t\t\t\t\t\t\t\t\t\t\t\t\t\t\t\t<span class=\"elementor-button-text\">Enviar<\/span>\n\t\t\t\t\t\t\t\t\t\t\t\t\t<\/span>\n\t\t\t\t\t<\/button>\n\t\t\t\t<\/div>\n\t\t\t<\/div>\n\t\t<\/form>\n\t\t\t\t\t\t<\/div>\n\t\t\t\t<\/div>\n\t\t\t\t\t<\/div>\n\t\t<\/div>\n\t\t\t\t\t<\/div>\n\t\t<\/section>\n\t\t\t\t<\/div>\n\t\t","protected":false},"excerpt":{"rendered":"<p>O ambiente que mais precisa de seguran\u00e7a \u00e9 a sua empresa. Muitas amea\u00e7as vem em forma de pen drives, phishing nos e-mails. Atrav\u00e9s do Firewall voc\u00ea consegue refor\u00e7ar a rede contra invas\u00f5es e uso indevido da internet, criando pol\u00edticas de acesso de usu\u00e1rios. Est\u00e1 esperando o que? Deixe seu e-mail e telefone para contato! Envie [&hellip;]<\/p>\n","protected":false},"author":5,"featured_media":486,"parent":346,"menu_order":0,"comment_status":"closed","ping_status":"closed","template":"","meta":{"footnotes":""},"class_list":["post-485","page","type-page","status-publish","has-post-thumbnail","hentry"],"_links":{"self":[{"href":"https:\/\/bwaagenciadigital.com.br\/interactiva\/wp-json\/wp\/v2\/pages\/485","targetHints":{"allow":["GET"]}}],"collection":[{"href":"https:\/\/bwaagenciadigital.com.br\/interactiva\/wp-json\/wp\/v2\/pages"}],"about":[{"href":"https:\/\/bwaagenciadigital.com.br\/interactiva\/wp-json\/wp\/v2\/types\/page"}],"author":[{"embeddable":true,"href":"https:\/\/bwaagenciadigital.com.br\/interactiva\/wp-json\/wp\/v2\/users\/5"}],"replies":[{"embeddable":true,"href":"https:\/\/bwaagenciadigital.com.br\/interactiva\/wp-json\/wp\/v2\/comments?post=485"}],"version-history":[{"count":28,"href":"https:\/\/bwaagenciadigital.com.br\/interactiva\/wp-json\/wp\/v2\/pages\/485\/revisions"}],"predecessor-version":[{"id":5246,"href":"https:\/\/bwaagenciadigital.com.br\/interactiva\/wp-json\/wp\/v2\/pages\/485\/revisions\/5246"}],"up":[{"embeddable":true,"href":"https:\/\/bwaagenciadigital.com.br\/interactiva\/wp-json\/wp\/v2\/pages\/346"}],"wp:featuredmedia":[{"embeddable":true,"href":"https:\/\/bwaagenciadigital.com.br\/interactiva\/wp-json\/wp\/v2\/media\/486"}],"wp:attachment":[{"href":"https:\/\/bwaagenciadigital.com.br\/interactiva\/wp-json\/wp\/v2\/media?parent=485"}],"curies":[{"name":"wp","href":"https:\/\/api.w.org\/{rel}","templated":true}]}}